{"id":495,"date":"2026-02-14T12:09:23","date_gmt":"2026-02-14T12:09:23","guid":{"rendered":"https:\/\/goglobalegitimdanismanlik.com\/projects\/"},"modified":"2026-03-24T15:04:46","modified_gmt":"2026-03-24T15:04:46","slug":"university","status":"publish","type":"page","link":"https:\/\/goglobalegitimdanismanlik.com\/en\/university\/","title":{"rendered":"Universities"},"content":{"rendered":"<div data-spectra-id=\"37fe9e23\"\tstyle=\"overflow: visible; --spectra-background-color: var(--ast-global-color-2); --spectra-overlay-opacity: 0.81; --spectra-box-shadow: 0px 0px 0px 0px #00d084;\" class=\"spectra-is-root-container alignfull spectra-overlay-color spectra-overflow spectra-background-color spectra-dim-ratio spectra-box-shadow wp-block-spectra-container\" data-orientation=\"vertical\"\t>\n\t\n\t<h2 data-spectra-id=\"spectra-bf7b5b87-heading\" style=\"color:#ffffff\" class=\"wp-block-spectra-content has-text-color\">\n\t\tHayalinizdeki \u00dcniversiteye Avantajl\u0131 \u015eartlarla Ula\u015f\u0131n\t<\/h2>\n\n<\/div>\n\n\n<div data-spectra-id=\"52be6acf\"\tstyle=\"overflow: visible; --spectra-background-color: var(--ast-global-color-5);\" class=\"spectra-is-root-container alignfull spectra-overlay-color spectra-overflow spectra-background-color wp-block-spectra-container\" data-orientation=\"vertical\"\t>\n\t\n\t<h3 data-spectra-id=\"spectra-86a9b711-prefix\" style=\"--spectra-text-color: var(--ast-global-color-0)\" class=\"has-text-color spectra-text-color wp-block-spectra-content has-text-color has-var-ast-global-color-0-color\">\n\t\tAnla\u015fmal\u0131 \u00dcniversitelerimizde  Avantajl\u0131 Fiyatlar ve Burslar sizi bekliyor\t<\/h3>\n\n\n\t<h2 data-spectra-id=\"spectra-86a9b711-title\" class=\"wp-block-spectra-content\">\n\t\tOur Universities\t<\/h2>\n\n<\/div>\n\n\n\n<div class=\"wp-block-columns is-layout-flex wp-container-core-columns-is-layout-28f84493 wp-block-columns-is-layout-flex\">\n<div class=\"wp-block-column is-layout-flow wp-block-column-is-layout-flow\">\n<div class=\"wp-block-group is-layout-constrained wp-block-group-is-layout-constrained\">\n<figure data-spectra-id=\"spectra-mlqmqb2f-i142q6\" class=\"wp-block-image size-full is-resized has-custom-border\"><img loading=\"lazy\" decoding=\"async\" width=\"660\" height=\"330\" src=\"https:\/\/goglobalegitimdanismanlik.com\/wp-content\/uploads\/2026\/02\/altinbas-2.jpg\" alt=\"\" class=\"wp-image-2599\" srcset=\"https:\/\/goglobalegitimdanismanlik.com\/wp-content\/uploads\/2026\/02\/altinbas-2.jpg 660w, https:\/\/goglobalegitimdanismanlik.com\/wp-content\/uploads\/2026\/02\/altinbas-2-300x150.jpg 300w\" sizes=\"auto, (max-width: 660px) 100vw, 660px\" \/><\/figure>\n<\/div>\n\n\n\n<h3 class=\"wp-block-heading has-text-align-left\">Istanbul Altinbas University<\/h3>\n\n\n<div data-spectra-id=\"spectra-mlqmth6c-318kdd\" class=\"wp-block-button spectra-buttons wp-block-spectra-buttons\">\n\t\n<a data-spectra-id=\"spectra-mlqmthe1-uu5jsu\" href=\"https:\/\/international.altinbas.edu.tr\/en\/\" target=\"_self\" aria-label=\"Get Information\" class=\"wp-block-button__link wp-element-button wp-block-spectra-button\">\n<div class=\"spectra-button__link\">Get Information<\/div><\/a>\n\n<\/div>\n<\/div>\n\n\n\n<div class=\"wp-block-column is-layout-flow wp-block-column-is-layout-flow\">\n<div class=\"wp-block-group is-layout-constrained wp-block-group-is-layout-constrained\">\n<figure data-spectra-id=\"spectra-mlqmpmxr-oljxb0\" class=\"wp-block-image size-full is-resized has-custom-border\"><img loading=\"lazy\" decoding=\"async\" width=\"853\" height=\"479\" src=\"https:\/\/goglobalegitimdanismanlik.com\/wp-content\/uploads\/2026\/02\/bilgi-2.jpg\" alt=\"\" class=\"wp-image-2596\" srcset=\"https:\/\/goglobalegitimdanismanlik.com\/wp-content\/uploads\/2026\/02\/bilgi-2.jpg 853w, https:\/\/goglobalegitimdanismanlik.com\/wp-content\/uploads\/2026\/02\/bilgi-2-300x168.jpg 300w, https:\/\/goglobalegitimdanismanlik.com\/wp-content\/uploads\/2026\/02\/bilgi-2-768x431.jpg 768w\" sizes=\"auto, (max-width: 853px) 100vw, 853px\" \/><\/figure>\n<\/div>\n\n\n\n<h3 class=\"wp-block-heading has-text-align-left\">Istanbul Bilgi University<\/h3>\n\n\n<div data-spectra-id=\"spectra-mlqmtqf6-d0jln5\" class=\"wp-block-button spectra-buttons wp-block-spectra-buttons\">\n\t\n<a data-spectra-id=\"spectra-mlqmtqmo-1ed0q5\" href=\"https:\/\/www.bilgi.edu.tr\/tr\/international\/\" target=\"_self\" aria-label=\"Get Information\" class=\"wp-block-button__link wp-element-button wp-block-spectra-button\">\n<div class=\"spectra-button__link\">Get Information<\/div><\/a>\n\n<\/div>\n<\/div>\n\n\n\n<div class=\"wp-block-column is-layout-flow wp-block-column-is-layout-flow\">\n<div class=\"wp-block-group is-layout-constrained wp-block-group-is-layout-constrained\">\n<div class=\"wp-block-group is-layout-constrained wp-block-group-is-layout-constrained\">\n<div class=\"wp-block-group is-layout-constrained wp-block-group-is-layout-constrained\">\n<figure data-spectra-id=\"spectra-mlqmox50-tw90te\" class=\"wp-block-image size-large is-resized has-custom-border\"><img loading=\"lazy\" decoding=\"async\" width=\"1024\" height=\"576\" src=\"https:\/\/goglobalegitimdanismanlik.com\/wp-content\/uploads\/2026\/02\/aydin-1-1024x576.jpg\" alt=\"\" class=\"wp-image-2594\" srcset=\"https:\/\/goglobalegitimdanismanlik.com\/wp-content\/uploads\/2026\/02\/aydin-1-1024x576.jpg 1024w, https:\/\/goglobalegitimdanismanlik.com\/wp-content\/uploads\/2026\/02\/aydin-1-300x169.jpg 300w, https:\/\/goglobalegitimdanismanlik.com\/wp-content\/uploads\/2026\/02\/aydin-1-768x432.jpg 768w, https:\/\/goglobalegitimdanismanlik.com\/wp-content\/uploads\/2026\/02\/aydin-1.jpg 1280w\" sizes=\"auto, (max-width: 1024px) 100vw, 1024px\" \/><\/figure>\n<\/div>\n<\/div>\n<\/div>\n\n\n\n<h3 class=\"wp-block-heading has-text-align-left\">Istanbul Aydin University<\/h3>\n\n\n<div data-spectra-id=\"spectra-mlqmu1sz-mac7jj\" class=\"wp-block-button spectra-buttons wp-block-spectra-buttons\">\n\t\n<a data-spectra-id=\"spectra-mlqmu20f-8z5rj0\" href=\"https:\/\/study.aydin.edu.tr\/\" target=\"_self\" aria-label=\"Get Information\" class=\"wp-block-button__link wp-element-button wp-block-spectra-button\">\n<div class=\"spectra-button__link\">Get Information<\/div><\/a>\n\n<\/div>\n<\/div>\n<\/div>\n\n\n\n<div class=\"wp-block-columns uni.gorsel is-layout-flex wp-container-core-columns-is-layout-28f84493 wp-block-columns-is-layout-flex\">\n<div class=\"wp-block-column is-layout-flow wp-block-column-is-layout-flow\">\n<div class=\"wp-block-group is-layout-constrained wp-block-group-is-layout-constrained\">\n<figure data-spectra-id=\"spectra-mloywcvj-8ssaow\" class=\"wp-block-image size-large is-resized has-custom-border\"><img loading=\"lazy\" decoding=\"async\" width=\"1024\" height=\"570\" src=\"https:\/\/goglobalegitimdanismanlik.com\/wp-content\/uploads\/2026\/02\/fbu-1024x570.webp\" alt=\"\" class=\"wp-image-2503\" srcset=\"https:\/\/goglobalegitimdanismanlik.com\/wp-content\/uploads\/2026\/02\/fbu-1024x570.webp 1024w, https:\/\/goglobalegitimdanismanlik.com\/wp-content\/uploads\/2026\/02\/fbu-300x167.webp 300w, https:\/\/goglobalegitimdanismanlik.com\/wp-content\/uploads\/2026\/02\/fbu-768x427.webp 768w, https:\/\/goglobalegitimdanismanlik.com\/wp-content\/uploads\/2026\/02\/fbu-1536x855.webp 1536w, https:\/\/goglobalegitimdanismanlik.com\/wp-content\/uploads\/2026\/02\/fbu-2048x1140.webp 2048w\" sizes=\"auto, (max-width: 1024px) 100vw, 1024px\" \/><\/figure>\n\n\n\n<h3 class=\"wp-block-heading has-text-align-left\">Istanbul Fenerbahce University<\/h3>\n\n\n<div data-spectra-id=\"spectra-mlqmuewq-g8h5wp\" class=\"wp-block-button spectra-buttons wp-block-spectra-buttons\">\n\t\n<a data-spectra-id=\"spectra-mlqmuf41-3lsgwk\" href=\"https:\/\/international.fbu.edu.tr\/?hl=en\" target=\"_self\" aria-label=\"Get Information\" class=\"wp-block-button__link wp-element-button wp-block-spectra-button\">\n<div class=\"spectra-button__link\">Get Information<\/div><\/a>\n\n<\/div>\n<\/div>\n<\/div>\n\n\n\n<div class=\"wp-block-column is-layout-flow wp-block-column-is-layout-flow\">\n<div class=\"wp-block-group is-layout-constrained wp-block-group-is-layout-constrained\">\n<figure data-spectra-id=\"spectra-mloyyqa2-c0qmg2\" class=\"wp-block-image size-full is-resized has-custom-border\"><img decoding=\"async\" src=\"https:\/\/goglobalegitimdanismanlik.com\/wp-content\/uploads\/2026\/02\/bau.jpg\" alt=\"\" class=\"wp-image-2513\" \/><\/figure>\n\n\n\n<h3 class=\"wp-block-heading has-text-align-left\">Bahcesehir University<\/h3>\n\n\n<div data-spectra-id=\"spectra-mlqmuxv0-mqx9m1\" class=\"wp-block-button spectra-buttons wp-block-spectra-buttons\">\n\t\n<a data-spectra-id=\"spectra-mlqmuy2c-pxdnbw\" href=\"https:\/\/int.bau.edu.tr\/\" target=\"_self\" aria-label=\"Get Information\" class=\"wp-block-button__link wp-element-button wp-block-spectra-button\">\n<div class=\"spectra-button__link\">Get Information<\/div><\/a>\n\n<\/div>\n<\/div>\n<\/div>\n\n\n\n<div class=\"wp-block-column is-layout-flow wp-block-column-is-layout-flow\">\n<div class=\"wp-block-group is-layout-constrained wp-block-group-is-layout-constrained\">\n<figure data-spectra-id=\"spectra-mloz2bb9-gtzll8\" class=\"wp-block-image size-full is-resized has-custom-border\"><img loading=\"lazy\" decoding=\"async\" width=\"600\" height=\"450\" src=\"https:\/\/goglobalegitimdanismanlik.com\/wp-content\/uploads\/2026\/02\/biruni.webp\" alt=\"\" class=\"wp-image-2512\" srcset=\"https:\/\/goglobalegitimdanismanlik.com\/wp-content\/uploads\/2026\/02\/biruni.webp 600w, https:\/\/goglobalegitimdanismanlik.com\/wp-content\/uploads\/2026\/02\/biruni-300x225.webp 300w\" sizes=\"auto, (max-width: 600px) 100vw, 600px\" \/><\/figure>\n\n\n\n<h3 class=\"wp-block-heading has-text-align-left\">Istanbul Biruni University<\/h3>\n\n\n<div data-spectra-id=\"spectra-mlqmv69k-o4q4ne\" class=\"wp-block-button spectra-buttons wp-block-spectra-buttons\">\n\t\n<a data-spectra-id=\"spectra-mlqmv6h6-i5bbpd\" href=\"https:\/\/int.biruni.edu.tr\/\" target=\"_self\" aria-label=\"Get Information\" class=\"wp-block-button__link wp-element-button wp-block-spectra-button\">\n<div class=\"spectra-button__link\">Get Information<\/div><\/a>\n\n<\/div>\n<\/div>\n<\/div>\n<\/div>\n\n\n\n<div class=\"wp-block-columns is-layout-flex wp-container-core-columns-is-layout-28f84493 wp-block-columns-is-layout-flex\">\n<div class=\"wp-block-column is-layout-flow wp-block-column-is-layout-flow\">\n<div class=\"wp-block-group is-layout-constrained wp-block-group-is-layout-constrained\">\n<figure data-spectra-id=\"spectra-mloz3o31-lrgasy\" class=\"wp-block-image size-large is-resized has-custom-border\"><img loading=\"lazy\" decoding=\"async\" width=\"1024\" height=\"576\" src=\"https:\/\/goglobalegitimdanismanlik.com\/wp-content\/uploads\/2026\/02\/topkapi-1024x576.webp\" alt=\"\" class=\"wp-image-2510\" srcset=\"https:\/\/goglobalegitimdanismanlik.com\/wp-content\/uploads\/2026\/02\/topkapi-1024x576.webp 1024w, https:\/\/goglobalegitimdanismanlik.com\/wp-content\/uploads\/2026\/02\/topkapi-300x169.webp 300w, https:\/\/goglobalegitimdanismanlik.com\/wp-content\/uploads\/2026\/02\/topkapi-768x432.webp 768w, https:\/\/goglobalegitimdanismanlik.com\/wp-content\/uploads\/2026\/02\/topkapi-1536x864.webp 1536w, https:\/\/goglobalegitimdanismanlik.com\/wp-content\/uploads\/2026\/02\/topkapi-2048x1152.webp 2048w\" sizes=\"auto, (max-width: 1024px) 100vw, 1024px\" \/><\/figure>\n<\/div>\n\n\n\n<h3 class=\"wp-block-heading has-text-align-left\">Istanbul Topkapi University<\/h3>\n\n\n<div data-spectra-id=\"spectra-mlqmwezo-c2ngm7\" class=\"wp-block-button spectra-buttons wp-block-spectra-buttons\">\n\t\n<a data-spectra-id=\"spectra-mlqmwf76-axd216\" href=\"https:\/\/aday.topkapi.edu.tr\/\" target=\"_self\" aria-label=\"Get Information\" class=\"wp-block-button__link wp-element-button wp-block-spectra-button\">\n<div class=\"spectra-button__link\">Get Information<\/div><\/a>\n\n<\/div>\n<\/div>\n\n\n\n<div class=\"wp-block-column is-layout-flow wp-block-column-is-layout-flow\">\n<div class=\"wp-block-group is-layout-constrained wp-block-group-is-layout-constrained\">\n<figure data-spectra-id=\"spectra-mloz4v5g-cwt0l0\" class=\"wp-block-image size-large is-resized has-custom-border\"><img loading=\"lazy\" decoding=\"async\" width=\"1024\" height=\"533\" src=\"https:\/\/goglobalegitimdanismanlik.com\/wp-content\/uploads\/2026\/02\/ozyegin-1024x533.webp\" alt=\"\" class=\"wp-image-2509\" srcset=\"https:\/\/goglobalegitimdanismanlik.com\/wp-content\/uploads\/2026\/02\/ozyegin-1024x533.webp 1024w, https:\/\/goglobalegitimdanismanlik.com\/wp-content\/uploads\/2026\/02\/ozyegin-300x156.webp 300w, https:\/\/goglobalegitimdanismanlik.com\/wp-content\/uploads\/2026\/02\/ozyegin-768x399.webp 768w, https:\/\/goglobalegitimdanismanlik.com\/wp-content\/uploads\/2026\/02\/ozyegin.webp 1223w\" sizes=\"auto, (max-width: 1024px) 100vw, 1024px\" \/><\/figure>\n<\/div>\n\n\n\n<h3 class=\"wp-block-heading has-text-align-left\">Istanbul Ozyegin University<\/h3>\n\n\n<div data-spectra-id=\"spectra-mlqmwmk9-33witn\" class=\"wp-block-button spectra-buttons wp-block-spectra-buttons\">\n\t\n<a data-spectra-id=\"spectra-mlqmwmrm-39s9zp\" href=\"https:\/\/www.ozyegin.edu.tr\/tr\/uluslararasi\" target=\"_self\" aria-label=\"Get Information\" class=\"wp-block-button__link wp-element-button wp-block-spectra-button\">\n<div class=\"spectra-button__link\">Get Information<\/div><\/a>\n\n<\/div>\n<\/div>\n\n\n\n<div class=\"wp-block-column is-layout-flow wp-block-column-is-layout-flow\">\n<div class=\"wp-block-group is-layout-constrained wp-block-group-is-layout-constrained\">\n<figure data-spectra-id=\"spectra-mloz63ly-kh9ykl\" class=\"wp-block-image size-full is-resized has-custom-border\"><img loading=\"lazy\" decoding=\"async\" width=\"660\" height=\"330\" src=\"https:\/\/goglobalegitimdanismanlik.com\/wp-content\/uploads\/2026\/02\/okan.webp\" alt=\"\" class=\"wp-image-2508\" srcset=\"https:\/\/goglobalegitimdanismanlik.com\/wp-content\/uploads\/2026\/02\/okan.webp 660w, https:\/\/goglobalegitimdanismanlik.com\/wp-content\/uploads\/2026\/02\/okan-300x150.webp 300w\" sizes=\"auto, (max-width: 660px) 100vw, 660px\" \/><\/figure>\n<\/div>\n\n\n\n<h3 class=\"wp-block-heading has-text-align-left\">Istanbul Okan University<\/h3>\n\n\n<div data-spectra-id=\"spectra-mlqmwton-je468o\" class=\"wp-block-button spectra-buttons wp-block-spectra-buttons\">\n\t\n<a data-spectra-id=\"spectra-mlqmwtw6-5keudt\" href=\"https:\/\/study.okan.edu.tr\/\" target=\"_self\" aria-label=\"Get Information\" class=\"wp-block-button__link wp-element-button wp-block-spectra-button\">\n<div class=\"spectra-button__link\">Get Information<\/div><\/a>\n\n<\/div>\n<\/div>\n<\/div>\n\n\n\n<div class=\"wp-block-columns is-layout-flex wp-container-core-columns-is-layout-28f84493 wp-block-columns-is-layout-flex\">\n<div class=\"wp-block-column is-layout-flow wp-block-column-is-layout-flow\">\n<div class=\"wp-block-group is-layout-constrained wp-block-group-is-layout-constrained\">\n<figure data-spectra-id=\"spectra-mloz7akj-x02yrl\" class=\"wp-block-image size-full is-resized has-custom-border\"><img loading=\"lazy\" decoding=\"async\" width=\"660\" height=\"330\" src=\"https:\/\/goglobalegitimdanismanlik.com\/wp-content\/uploads\/2026\/02\/medipol.webp\" alt=\"\" class=\"wp-image-2507\" srcset=\"https:\/\/goglobalegitimdanismanlik.com\/wp-content\/uploads\/2026\/02\/medipol.webp 660w, https:\/\/goglobalegitimdanismanlik.com\/wp-content\/uploads\/2026\/02\/medipol-300x150.webp 300w\" sizes=\"auto, (max-width: 660px) 100vw, 660px\" \/><\/figure>\n<\/div>\n\n\n\n<h3 class=\"wp-block-heading has-text-align-left\">Istanbul Medipol University<\/h3>\n\n\n<div data-spectra-id=\"spectra-mlqmx1y4-nzib5n\" class=\"wp-block-button spectra-buttons wp-block-spectra-buttons\">\n\t\n<a data-spectra-id=\"spectra-mlqmx25u-j9smw4\" href=\"https:\/\/mio.medipol.edu.tr\/apply-now\" target=\"_self\" aria-label=\"Get Information\" class=\"wp-block-button__link wp-element-button wp-block-spectra-button\">\n<div class=\"spectra-button__link\">Get Information<\/div><\/a>\n\n<\/div>\n<\/div>\n\n\n\n<div class=\"wp-block-column is-layout-flow wp-block-column-is-layout-flow\">\n<div class=\"wp-block-group is-layout-constrained wp-block-group-is-layout-constrained\">\n<figure data-spectra-id=\"spectra-mloza0cx-6lphrn\" class=\"wp-block-image size-full is-resized has-custom-border\"><img loading=\"lazy\" decoding=\"async\" width=\"660\" height=\"330\" src=\"https:\/\/goglobalegitimdanismanlik.com\/wp-content\/uploads\/2026\/02\/istinye.webp\" alt=\"\" class=\"wp-image-2506\" srcset=\"https:\/\/goglobalegitimdanismanlik.com\/wp-content\/uploads\/2026\/02\/istinye.webp 660w, https:\/\/goglobalegitimdanismanlik.com\/wp-content\/uploads\/2026\/02\/istinye-300x150.webp 300w\" sizes=\"auto, (max-width: 660px) 100vw, 660px\" \/><\/figure>\n<\/div>\n\n\n\n<h3 class=\"wp-block-heading has-text-align-left\">Istanbul Istinye University<\/h3>\n\n\n<div data-spectra-id=\"spectra-mlqmx8fx-nx8n1x\" class=\"wp-block-button spectra-buttons wp-block-spectra-buttons\">\n\t\n<a data-spectra-id=\"spectra-mlqmx8ng-4axmna\" href=\"https:\/\/international.istinye.edu.tr\/tr\/basvuru-kriterleri\" target=\"_self\" aria-label=\"Get Information\" class=\"wp-block-button__link wp-element-button wp-block-spectra-button\">\n<div class=\"spectra-button__link\">Get Information<\/div><\/a>\n\n<\/div>\n<\/div>\n\n\n\n<div class=\"wp-block-column is-layout-flow wp-block-column-is-layout-flow\">\n<figure data-spectra-id=\"spectra-mlozayq2-dwe45n\" class=\"wp-block-image size-full is-resized has-custom-border\"><img loading=\"lazy\" decoding=\"async\" width=\"660\" height=\"330\" src=\"https:\/\/goglobalegitimdanismanlik.com\/wp-content\/uploads\/2026\/02\/gelisim.webp\" alt=\"\" class=\"wp-image-2505\" srcset=\"https:\/\/goglobalegitimdanismanlik.com\/wp-content\/uploads\/2026\/02\/gelisim.webp 660w, https:\/\/goglobalegitimdanismanlik.com\/wp-content\/uploads\/2026\/02\/gelisim-300x150.webp 300w\" sizes=\"auto, (max-width: 660px) 100vw, 660px\" \/><\/figure>\n\n\n\n<h3 class=\"wp-block-heading has-text-align-left\">Istanbul Gelisim University<\/h3>\n\n\n<div data-spectra-id=\"spectra-mlqmxf4c-k60jtx\" class=\"wp-block-button spectra-buttons wp-block-spectra-buttons\">\n\t\n<a data-spectra-id=\"spectra-mlqmxfc0-fdvmwq\" href=\"https:\/\/www.gelisim.edu.tr\/tr\/gelisim-yonergeler\" target=\"_self\" aria-label=\"Get Information\" class=\"wp-block-button__link wp-element-button wp-block-spectra-button\">\n<div class=\"spectra-button__link\">Get Information<\/div><\/a>\n\n<\/div>\n<\/div>\n<\/div>\n\n\n\n<p><\/p>","protected":false},"excerpt":{"rendered":"<p>\u0130stanbul Alt\u0131nba\u015f \u00dcniversitesi \u0130stanbul Bilgi \u00dcniversitesi \u0130stanbul Ayd\u0131n \u00dcniversitesi \u0130stanbul Fenerbah\u00e7e \u00dcniversitesi \u0130stanbul Bah\u00e7e\u015fehir \u00dcniversitesi \u0130stanbul Biruni \u00dcniversitesi \u0130stanbul Topkap\u0131 \u00dcniversitesi \u0130stanbul \u00d6zye\u011fin \u00dcniversitesi \u0130stanbul Okan \u00dcniversitesi \u0130stanbul Medipol \u00dcniversitesi \u0130stanbul \u0130stinye \u00dcniversitesi \u0130stanbul Geli\u015fim \u00dcniversitesi<\/p>","protected":false},"author":1,"featured_media":0,"parent":0,"menu_order":0,"comment_status":"closed","ping_status":"closed","template":"","meta":{"_acf_changed":false,"_uag_custom_page_level_css":"","site-sidebar-layout":"no-sidebar","site-content-layout":"plain-container","ast-site-content-layout":"normal-width-container","site-content-style":"unboxed","site-sidebar-style":"unboxed","ast-global-header-display":"","ast-banner-title-visibility":"","ast-main-header-display":"","ast-hfb-above-header-display":"","ast-hfb-below-header-display":"","ast-hfb-mobile-header-display":"","site-post-title":"disabled","ast-breadcrumbs-content":"","ast-featured-img":"disabled","footer-sml-layout":"","ast-disable-related-posts":"","theme-transparent-header-meta":"enabled","adv-header-id-meta":"","stick-header-meta":"","header-above-stick-meta":"","header-main-stick-meta":"","header-below-stick-meta":"","astra-migrate-meta-layouts":"set","ast-page-background-enabled":"default","ast-page-background-meta":{"desktop":{"background-color":"var(--ast-global-color-4)","background-image":"","background-repeat":"repeat","background-position":"center center","background-size":"auto","background-attachment":"scroll","background-type":"","background-media":"","overlay-type":"","overlay-color":"","overlay-opacity":"","overlay-gradient":""},"tablet":{"background-color":"","background-image":"","background-repeat":"repeat","background-position":"center center","background-size":"auto","background-attachment":"scroll","background-type":"","background-media":"","overlay-type":"","overlay-color":"","overlay-opacity":"","overlay-gradient":""},"mobile":{"background-color":"","background-image":"","background-repeat":"repeat","background-position":"center center","background-size":"auto","background-attachment":"scroll","background-type":"","background-media":"","overlay-type":"","overlay-color":"","overlay-opacity":"","overlay-gradient":""}},"ast-content-background-meta":{"desktop":{"background-color":"var(--ast-global-color-5)","background-image":"","background-repeat":"repeat","background-position":"center center","background-size":"auto","background-attachment":"scroll","background-type":"","background-media":"","overlay-type":"","overlay-color":"","overlay-opacity":"","overlay-gradient":""},"tablet":{"background-color":"var(--ast-global-color-5)","background-image":"","background-repeat":"repeat","background-position":"center center","background-size":"auto","background-attachment":"scroll","background-type":"","background-media":"","overlay-type":"","overlay-color":"","overlay-opacity":"","overlay-gradient":""},"mobile":{"background-color":"var(--ast-global-color-5)","background-image":"","background-repeat":"repeat","background-position":"center center","background-size":"auto","background-attachment":"scroll","background-type":"","background-media":"","overlay-type":"","overlay-color":"","overlay-opacity":"","overlay-gradient":""}},"footnotes":""},"class_list":["post-495","page","type-page","status-publish","hentry"],"acf":[],"aioseo_notices":[],"_hostinger_reach_plugin_has_subscription_block":false,"_hostinger_reach_plugin_is_elementor":false,"uagb_featured_image_src":{"full":false,"thumbnail":false,"medium":false,"medium_large":false,"large":false,"1536x1536":false,"2048x2048":false,"trp-custom-language-flag":false},"uagb_author_info":{"display_name":"altiyewk@gmail.com","author_link":"https:\/\/goglobalegitimdanismanlik.com\/en\/author\/altiyewkgmail-com\/"},"uagb_comment_info":0,"uagb_excerpt":"\u0130stanbul Alt\u0131nba\u015f \u00dcniversitesi \u0130stanbul Bilgi \u00dcniversitesi \u0130stanbul Ayd\u0131n \u00dcniversitesi \u0130stanbul Fenerbah\u00e7e \u00dcniversitesi \u0130stanbul Bah\u00e7e\u015fehir \u00dcniversitesi \u0130stanbul Biruni \u00dcniversitesi \u0130stanbul Topkap\u0131 \u00dcniversitesi \u0130stanbul \u00d6zye\u011fin \u00dcniversitesi \u0130stanbul Okan \u00dcniversitesi \u0130stanbul Medipol \u00dcniversitesi \u0130stanbul \u0130stinye \u00dcniversitesi \u0130stanbul Geli\u015fim \u00dcniversitesi","_links":{"self":[{"href":"https:\/\/goglobalegitimdanismanlik.com\/en\/wp-json\/wp\/v2\/pages\/495","targetHints":{"allow":["GET"]}}],"collection":[{"href":"https:\/\/goglobalegitimdanismanlik.com\/en\/wp-json\/wp\/v2\/pages"}],"about":[{"href":"https:\/\/goglobalegitimdanismanlik.com\/en\/wp-json\/wp\/v2\/types\/page"}],"author":[{"embeddable":true,"href":"https:\/\/goglobalegitimdanismanlik.com\/en\/wp-json\/wp\/v2\/users\/1"}],"replies":[{"embeddable":true,"href":"https:\/\/goglobalegitimdanismanlik.com\/en\/wp-json\/wp\/v2\/comments?post=495"}],"version-history":[{"count":57,"href":"https:\/\/goglobalegitimdanismanlik.com\/en\/wp-json\/wp\/v2\/pages\/495\/revisions"}],"predecessor-version":[{"id":3152,"href":"https:\/\/goglobalegitimdanismanlik.com\/en\/wp-json\/wp\/v2\/pages\/495\/revisions\/3152"}],"wp:attachment":[{"href":"https:\/\/goglobalegitimdanismanlik.com\/en\/wp-json\/wp\/v2\/media?parent=495"}],"curies":[{"name":"wp","href":"https:\/\/api.w.org\/{rel}","templated":true}]}}