{"id":501,"date":"2026-02-14T12:09:23","date_gmt":"2026-02-14T12:09:23","guid":{"rendered":"https:\/\/goglobalegitimdanismanlik.com\/contact\/"},"modified":"2026-03-24T15:14:13","modified_gmt":"2026-03-24T15:14:13","slug":"contact","status":"publish","type":"page","link":"https:\/\/goglobalegitimdanismanlik.com\/en\/contact\/","title":{"rendered":"Contact Us"},"content":{"rendered":"<div data-spectra-id=\"ffc1542d\"\tstyle=\"overflow: visible; --spectra-background-color: var(--ast-global-color-7); --spectra-overlay-opacity: 0.81;\" class=\"spectra-is-root-container alignfull spectra-overlay-color spectra-overflow spectra-background-color spectra-dim-ratio wp-block-spectra-container\" data-orientation=\"vertical\"\t>\n\t\n\t<h1 data-spectra-id=\"spectra-bdd64c41-heading\" style=\"--spectra-text-color: #ffffff\" class=\"has-text-color spectra-text-color wp-block-spectra-content has-text-color has-ffffff-color\">\n\t\tSorular\u0131n\u0131z i\u00e7in buraday\u0131z\t<\/h1>\n\n<\/div>\n\n\n<div data-spectra-id=\"7dc9cc23\"\tstyle=\"overflow: visible; --spectra-background-color: var(--ast-global-color-5);\" class=\"spectra-is-root-container alignfull spectra-overlay-color spectra-overflow spectra-background-color wp-block-spectra-container\" data-orientation=\"vertical\"\t>\n\t\n\t<h2 data-spectra-id=\"spectra-7631e7c5-title\" class=\"wp-block-spectra-content\">\n\t\t\u0130leti\u015fim Bilgileri\t<\/h2>\n\n\n<div data-spectra-id=\"d6700654\" style=\"overflow: visible\" class=\"spectra-overlay-color spectra-overflow wp-block-spectra-container\" data-orientation=\"vertical\">\n\t\n\n<div class=\"wp-block-group is-layout-constrained wp-block-group-is-layout-constrained\"><div data-spectra-id=\"1fff6dde\" style=\"overflow: visible\" class=\"spectra-overlay-color spectra-overflow wp-block-spectra-container\" data-orientation=\"vertical\">\n\t\n\t<h3 data-spectra-id=\"spectra-ec5c9a17-prefix\" class=\"wp-block-spectra-content\">\n\t\tMerkez Ofis\t<\/h3>\n\n\n\t<h4 data-spectra-id=\"spectra-ec5c9a17-title\" class=\"wp-block-spectra-content\">\n\t\tAdres:\t<\/h4>\n\n\n\t<p data-spectra-id=\"spectra-ec5c9a17-desc\" class=\"wp-block-spectra-content\">\n\t\tKemal Pa\u015fa Mah. G\u00fcmr\u00fck Emin Sok N:16\/5.1 Fatih \/ \u0130STANBUL\t<\/p>\n\n\n\t<h4 data-spectra-id=\"spectra-26954da0-5a7c-413b-b85a-ea3142052c01\" class=\"wp-block-spectra-content\">\n\t\tTelefon:\t<\/h4>\n\n\n\n<p>+90 (554) 198 56 04<\/p>\n\n\n\n<p>+90 (553) 802 95 54<\/p>\n\n\n\t<h4 data-spectra-id=\"spectra-79c29792-2d78-47c0-820d-8f71d53a7bb9\" class=\"wp-block-spectra-content\">\n\t\tEmail:\t<\/h4>\n\n\n\n<p>info@goglobalegitimdanismanlik.com<\/p>\n\n\n\n<p>altiyewk@gmail.com<\/p>\n\n\n<div data-spectra-id=\"spectra-55b355b7-btns\" class=\"wp-block-button spectra-buttons wp-block-spectra-buttons\">\n\t\n<a data-spectra-id=\"spectra-55b355b7-btn\" href=\"#\" target=\"_self\" aria-label=\"\u0130LET\u0130\u015e\u0130ME GE\u00c7\" class=\"wp-block-button__link wp-element-button wp-block-spectra-button\">\n<div class=\"spectra-button__link\">\u0130LET\u0130\u015e\u0130ME GE\u00c7<\/div><\/a>\n\n<\/div>\n\n<\/div>\n<\/div>\n\n\n\n<iframe src=\"https:\/\/www.google.com\/maps\/embed?pb=!1m16!1m12!1m3!1d6021.110605171006!2d28.956774944904556!3d41.013105585399074!2m3!1f0!2f0!3f0!3m2!1i1024!2i768!4f13.1!2m1!1zS2VtYWwgUGHFn2EgTWFoLiBHw7xtcsO8ayBFbWluIFNvayBOOjE2LzUuMSBGYXRpaCAvIMSwU1RBTkJVTA!5e0!3m2!1str!2str!4v1771498644655!5m2!1str!2str\" width=\"100%\" height=\"100%\" style=\"border:0\" allowfullscreen=\"\" loading=\"lazy\" referrerpolicy=\"no-referrer-when-downgrade\"><\/iframe>\n\n<\/div>\n\n<\/div>\n\n\n<div class=\"wpforms-container wpforms-block wpforms-block-5829a274-5c1f-484d-8171-d60869ba9f8e\" id=\"wpforms-2705\"><form id=\"wpforms-form-2705\" class=\"wpforms-validate wpforms-form wpforms-ajax-form\" data-formid=\"2705\" method=\"post\" enctype=\"multipart\/form-data\" action=\"\/en\/wp-json\/wp\/v2\/pages\/501\" data-token=\"dbc44c8c3340a94bed549717204c60f1\" data-token-time=\"1775340011\"><noscript class=\"wpforms-error-noscript\">Please enable JavaScript in your browser to complete this form.<\/noscript><div class=\"wpforms-field-container\"><div id=\"wpforms-2705-field_1-container\" class=\"wpforms-field wpforms-field-text\" data-field-id=\"1\"><label class=\"wpforms-field-label\" for=\"wpforms-2705-field_1\">Ad Soyad<\/label><input type=\"text\" id=\"wpforms-2705-field_1\" class=\"wpforms-field-medium\" name=\"wpforms[fields][1]\" ><\/div>\t\t<div id=\"wpforms-2705-field_5-container\"\n\t\t\tclass=\"wpforms-field wpforms-field-text\"\n\t\t\tdata-field-type=\"text\"\n\t\t\tdata-field-id=\"5\"\n\t\t\t>\n\t\t\t<label class=\"wpforms-field-label\" for=\"wpforms-2705-field_5\" >B\u00f6l\u00fcm\u00fcn\u00fcz Bulundu\u011funuz Soyad<\/label>\n\t\t\t<input type=\"text\" id=\"wpforms-2705-field_5\" class=\"wpforms-field-medium\" name=\"wpforms[fields][5]\" >\n\t\t<\/div>\n\t\t<div id=\"wpforms-2705-field_2-container\" class=\"wpforms-field wpforms-field-text\" data-field-id=\"2\"><label class=\"wpforms-field-label\" for=\"wpforms-2705-field_2\">Bulundu\u011funuz \u00dclke<\/label><input type=\"text\" id=\"wpforms-2705-field_2\" class=\"wpforms-field-medium\" name=\"wpforms[fields][2]\" ><\/div><div id=\"wpforms-2705-field_3-container\" class=\"wpforms-field wpforms-field-text\" data-field-id=\"3\"><label class=\"wpforms-field-label\" for=\"wpforms-2705-field_3\">B\u00f6l\u00fcm\u00fcn\u00fcz<\/label><input type=\"text\" id=\"wpforms-2705-field_3\" class=\"wpforms-field-medium\" name=\"wpforms[fields][3]\" ><\/div><div id=\"wpforms-2705-field_4-container\" class=\"wpforms-field wpforms-field-number\" data-field-id=\"4\"><label class=\"wpforms-field-label\" for=\"wpforms-2705-field_4\">Telefon Numaran\u0131z<\/label><input type=\"number\" id=\"wpforms-2705-field_4\" class=\"wpforms-field-medium\" name=\"wpforms[fields][4]\" step=\"any\" ><\/div><script>\n\t\t\t\t( function() {\n\t\t\t\t\tconst style = document.createElement( 'style' );\n\t\t\t\t\tstyle.appendChild( document.createTextNode( '#wpforms-2705-field_5-container { position: absolute !important; overflow: hidden !important; display: inline !important; height: 1px !important; width: 1px !important; z-index: -1000 !important; padding: 0 !important; } #wpforms-2705-field_5-container input { visibility: hidden; } #wpforms-conversational-form-page #wpforms-2705-field_5-container label { counter-increment: none; }' ) );\n\t\t\t\t\tdocument.head.appendChild( style );\n\t\t\t\t\tdocument.currentScript?.remove();\n\t\t\t\t} )();\n\t\t\t<\/script><\/div><!-- .wpforms-field-container --><div class=\"wpforms-submit-container\" ><input type=\"hidden\" name=\"wpforms[id]\" value=\"2705\"><input type=\"hidden\" name=\"page_title\" value=\"\"><input type=\"hidden\" name=\"page_url\" value=\"https:\/\/goglobalegitimdanismanlik.com\/en\/wp-json\/wp\/v2\/pages\/501\"><input type=\"hidden\" name=\"url_referer\" value=\"\"><button type=\"submit\" name=\"wpforms[submit]\" id=\"wpforms-submit-2705\" class=\"wpforms-submit\" data-alt-text=\"G\u00f6nderiliyor...\" data-submit-text=\"G\u00f6nder\" aria-live=\"assertive\" value=\"wpforms-submit\">G\u00f6nder<\/button><img loading=\"lazy\" decoding=\"async\" src=\"https:\/\/goglobalegitimdanismanlik.com\/wp-content\/plugins\/wpforms-lite\/assets\/images\/submit-spin.svg\" class=\"wpforms-submit-spinner\" style=\"display: none;\" width=\"26\" height=\"26\" alt=\"Loading\"><\/div><\/form><\/div>  <!-- .wpforms-container -->\n\n\n<hr class=\"wp-block-separator has-alpha-channel-opacity\"\/>\n","protected":false},"excerpt":{"rendered":"","protected":false},"author":1,"featured_media":0,"parent":0,"menu_order":0,"comment_status":"closed","ping_status":"closed","template":"","meta":{"_acf_changed":false,"_uag_custom_page_level_css":"","site-sidebar-layout":"no-sidebar","site-content-layout":"plain-container","ast-site-content-layout":"normal-width-container","site-content-style":"unboxed","site-sidebar-style":"unboxed","ast-global-header-display":"","ast-banner-title-visibility":"","ast-main-header-display":"","ast-hfb-above-header-display":"","ast-hfb-below-header-display":"","ast-hfb-mobile-header-display":"","site-post-title":"disabled","ast-breadcrumbs-content":"","ast-featured-img":"disabled","footer-sml-layout":"","ast-disable-related-posts":"","theme-transparent-header-meta":"enabled","adv-header-id-meta":"","stick-header-meta":"","header-above-stick-meta":"","header-main-stick-meta":"","header-below-stick-meta":"","astra-migrate-meta-layouts":"set","ast-page-background-enabled":"default","ast-page-background-meta":{"desktop":{"background-color":"var(--ast-global-color-4)","background-image":"","background-repeat":"repeat","background-position":"center center","background-size":"auto","background-attachment":"scroll","background-type":"","background-media":"","overlay-type":"","overlay-color":"","overlay-opacity":"","overlay-gradient":""},"tablet":{"background-color":"","background-image":"","background-repeat":"repeat","background-position":"center center","background-size":"auto","background-attachment":"scroll","background-type":"","background-media":"","overlay-type":"","overlay-color":"","overlay-opacity":"","overlay-gradient":""},"mobile":{"background-color":"","background-image":"","background-repeat":"repeat","background-position":"center center","background-size":"auto","background-attachment":"scroll","background-type":"","background-media":"","overlay-type":"","overlay-color":"","overlay-opacity":"","overlay-gradient":""}},"ast-content-background-meta":{"desktop":{"background-color":"var(--ast-global-color-5)","background-image":"","background-repeat":"repeat","background-position":"center center","background-size":"auto","background-attachment":"scroll","background-type":"","background-media":"","overlay-type":"","overlay-color":"","overlay-opacity":"","overlay-gradient":""},"tablet":{"background-color":"var(--ast-global-color-5)","background-image":"","background-repeat":"repeat","background-position":"center center","background-size":"auto","background-attachment":"scroll","background-type":"","background-media":"","overlay-type":"","overlay-color":"","overlay-opacity":"","overlay-gradient":""},"mobile":{"background-color":"var(--ast-global-color-5)","background-image":"","background-repeat":"repeat","background-position":"center center","background-size":"auto","background-attachment":"scroll","background-type":"","background-media":"","overlay-type":"","overlay-color":"","overlay-opacity":"","overlay-gradient":""}},"footnotes":""},"class_list":["post-501","page","type-page","status-publish","hentry"],"acf":[],"aioseo_notices":[],"_hostinger_reach_plugin_has_subscription_block":false,"_hostinger_reach_plugin_is_elementor":false,"uagb_featured_image_src":{"full":false,"thumbnail":false,"medium":false,"medium_large":false,"large":false,"1536x1536":false,"2048x2048":false,"trp-custom-language-flag":false},"uagb_author_info":{"display_name":"altiyewk@gmail.com","author_link":"https:\/\/goglobalegitimdanismanlik.com\/en\/author\/altiyewkgmail-com\/"},"uagb_comment_info":0,"uagb_excerpt":null,"_links":{"self":[{"href":"https:\/\/goglobalegitimdanismanlik.com\/en\/wp-json\/wp\/v2\/pages\/501","targetHints":{"allow":["GET"]}}],"collection":[{"href":"https:\/\/goglobalegitimdanismanlik.com\/en\/wp-json\/wp\/v2\/pages"}],"about":[{"href":"https:\/\/goglobalegitimdanismanlik.com\/en\/wp-json\/wp\/v2\/types\/page"}],"author":[{"embeddable":true,"href":"https:\/\/goglobalegitimdanismanlik.com\/en\/wp-json\/wp\/v2\/users\/1"}],"replies":[{"embeddable":true,"href":"https:\/\/goglobalegitimdanismanlik.com\/en\/wp-json\/wp\/v2\/comments?post=501"}],"version-history":[{"count":19,"href":"https:\/\/goglobalegitimdanismanlik.com\/en\/wp-json\/wp\/v2\/pages\/501\/revisions"}],"predecessor-version":[{"id":3154,"href":"https:\/\/goglobalegitimdanismanlik.com\/en\/wp-json\/wp\/v2\/pages\/501\/revisions\/3154"}],"wp:attachment":[{"href":"https:\/\/goglobalegitimdanismanlik.com\/en\/wp-json\/wp\/v2\/media?parent=501"}],"curies":[{"name":"wp","href":"https:\/\/api.w.org\/{rel}","templated":true}]}}